{"id":620,"date":"2018-11-23T08:24:33","date_gmt":"2018-11-23T08:24:33","guid":{"rendered":"http:\/\/localhost\/industro\/?page_id=620"},"modified":"2025-12-17T00:27:42","modified_gmt":"2025-12-17T00:27:42","slug":"home-2","status":"publish","type":"page","link":"https:\/\/viajesrodriguez.cl\/sitio\/","title":{"rendered":"Home 2"},"content":{"rendered":"<section class=\"wpb-content-wrapper\"><p>[vc_row full_width=\u00bbstretch_row_content_no_spaces\u00bb fullwidth=\u00bbtrue\u00bb][vc_column][rev_slider_vc alias=\u00bbslider-1&#8243;][vc_separator color=\u00bbwhite\u00bb][vc_single_image image=\u00bb1446&#8243; img_size=\u00bbfull\u00bb alignment=\u00bbcenter\u00bb onclick=\u00bbcustom_link\u00bb link=\u00bbhttps:\/\/viajesrodriguez.cl\/sitio\/fotografias-turquia-2025\/\u00bb][vc_single_image image=\u00bb1313&#8243; img_size=\u00bbfull\u00bb alignment=\u00bbcenter\u00bb onclick=\u00bbcustom_link\u00bb link=\u00bbhttps:\/\/viajesrodriguez.cl\/sitio\/fotografias-europa-2025\/\u00bb][vc_single_image image=\u00bb1236&#8243; img_size=\u00bbfull\u00bb alignment=\u00bbcenter\u00bb onclick=\u00bbcustom_link\u00bb link=\u00bbhttps:\/\/viajesrodriguez.cl\/sitio\/fotografias-viaje-a-tailandia-y-vietnam\/\u00bb][vc_single_image image=\u00bb1158&#8243; img_size=\u00bbfull\u00bb alignment=\u00bbcenter\u00bb onclick=\u00bbcustom_link\u00bb link=\u00bbhttps:\/\/viajesrodriguez.cl\/sitio\/europa-2024-galeria-de-fotos\/\u00bb][vc_single_image image=\u00bb1122&#8243; img_size=\u00bbfull\u00bb alignment=\u00bbcenter\u00bb style=\u00bbvc_box_border\u00bb onclick=\u00bbcustom_link\u00bb link=\u00bbhttps:\/\/viajesrodriguez.cl\/sitio\/tour-sur-de-chile-no2-galeria-de-fotos\/\u00bb][\/vc_column][\/vc_row][vc_row css=\u00bb.vc_custom_1543221080791{padding-top: 100px !important;}\u00bb][vc_column][vc_column_text css=\u00bb.vc_custom_1686594656728{margin-bottom: 50px !important;}\u00bb]<\/p>\n<p class=\"subtitle\">Destacamos:<\/p>\n<h2>Programas de Viajes<\/h2>\n<p>[\/vc_column_text]\n    <div class=\"project-filter \" data-column=\"3\">\n                <div id=\"projects\" class=\"project-grid projects row style-2\">\n                            <div class=\"project-item programas-de-viajes col-md-8 col-sm-6 big-thumb\">\n                    <div class=\"inner\">\n                        <a href=\"https:\/\/viajesrodriguez.cl\/sitio\/portfolio\/1435\/\">\n                            <img decoding=\"async\" src=\"https:\/\/viajesrodriguez.cl\/sitio\/wp-content\/uploads\/2025\/07\/1.jpg\" alt=\"\" \/>\n                        <\/a>\n                        <div class=\"p-info\">\n                            <h4>\n                                <a href=\"https:\/\/viajesrodriguez.cl\/sitio\/portfolio\/1435\/\">ABRIL 2026 &#8211; EXCELENTE  TOUR  A  EUROPA<\/a>\n                            <\/h4>\n                            <p>Programas de Viajes<span>, <\/span><\/p>\n                            <a class=\"link-details\" href=\"https:\/\/viajesrodriguez.cl\/sitio\/portfolio\/1435\/\"><\/a>\n                        <\/div>\n                    <\/div>\n                <\/div>\n                            <div class=\"project-item programas-de-viajes col-md-8 col-sm-6 big-thumb\">\n                    <div class=\"inner\">\n                        <a href=\"https:\/\/viajesrodriguez.cl\/sitio\/portfolio\/tour-mexico-colonial-y-de-descanso\/\">\n                            <img decoding=\"async\" src=\"https:\/\/viajesrodriguez.cl\/sitio\/wp-content\/uploads\/2025\/06\/slide.jpg\" alt=\"\" \/>\n                        <\/a>\n                        <div class=\"p-info\">\n                            <h4>\n                                <a href=\"https:\/\/viajesrodriguez.cl\/sitio\/portfolio\/tour-mexico-colonial-y-de-descanso\/\">FEBRERO 2026 &#8211; TOUR MEXICO COLONIAL Y DE DESCANSO<\/a>\n                            <\/h4>\n                            <p>Programas de Viajes<span>, <\/span><\/p>\n                            <a class=\"link-details\" href=\"https:\/\/viajesrodriguez.cl\/sitio\/portfolio\/tour-mexico-colonial-y-de-descanso\/\"><\/a>\n                        <\/div>\n                    <\/div>\n                <\/div>\n                            <div class=\"project-item programas-de-viajes col-md-8 col-sm-6 big-thumb\">\n                    <div class=\"inner\">\n                        <a href=\"https:\/\/viajesrodriguez.cl\/sitio\/portfolio\/tour-al-sur-de-chile-con-navegacion-a-puerto-natal-natales\/\">\n                            <img decoding=\"async\" src=\"https:\/\/viajesrodriguez.cl\/sitio\/wp-content\/uploads\/2025\/07\/CHnvo.jpg\" alt=\"\" \/>\n                        <\/a>\n                        <div class=\"p-info\">\n                            <h4>\n                                <a href=\"https:\/\/viajesrodriguez.cl\/sitio\/portfolio\/tour-al-sur-de-chile-con-navegacion-a-puerto-natal-natales\/\">TOUR AL  SUR DE CHILE CON NAVEGACI\u00d3N A PUERTO NATAL NATALES<\/a>\n                            <\/h4>\n                            <p>Programas de Viajes<span>, <\/span><\/p>\n                            <a class=\"link-details\" href=\"https:\/\/viajesrodriguez.cl\/sitio\/portfolio\/tour-al-sur-de-chile-con-navegacion-a-puerto-natal-natales\/\"><\/a>\n                        <\/div>\n                    <\/div>\n                <\/div>\n                            <div class=\"project-item programas-de-viajes col-md-8 col-sm-6 big-thumb\">\n                    <div class=\"inner\">\n                        <a href=\"https:\/\/viajesrodriguez.cl\/sitio\/portfolio\/tour-a-turquia-y-egipto\/\">\n                            <img decoding=\"async\" src=\"https:\/\/viajesrodriguez.cl\/sitio\/wp-content\/uploads\/2025\/06\/TUR.jpg\" alt=\"\" \/>\n                        <\/a>\n                        <div class=\"p-info\">\n                            <h4>\n                                <a href=\"https:\/\/viajesrodriguez.cl\/sitio\/portfolio\/tour-a-turquia-y-egipto\/\">TOUR  A  TURQUIA  Y  EGIPTO<\/a>\n                            <\/h4>\n                            <p>Programas de Viajes<span>, <\/span><\/p>\n                            <a class=\"link-details\" href=\"https:\/\/viajesrodriguez.cl\/sitio\/portfolio\/tour-a-turquia-y-egipto\/\"><\/a>\n                        <\/div>\n                    <\/div>\n                <\/div>\n                    <\/div>\n    <\/div>\n\n    [\/vc_column][\/vc_row][vc_row css=\u00bb.vc_custom_1542963436303{padding-bottom: 100px !important;background-image: url(http:\/\/localhost\/industro\/wp-content\/uploads\/2018\/11\/bg-map.png?id=629) !important;}\u00bb][vc_column][\/vc_column][vc_column offset=\u00bbvc_col-lg-5 vc_col-md-6&#8243;][vc_column_text css=\u00bb.vc_custom_1686580035673{margin-bottom: 27px !important;}\u00bb]<\/p>\n<p class=\"subtitle\">VIAJES RODR\u00cdGUEZ<\/p>\n<h2>LA MEJOR EXPERIENCIA DE VIAJE, SE RECUERDA TODA LA VIDA&#8230;<\/h2>\n<p>[\/vc_column_text][vc_column_text css=\u00bb.vc_custom_1686581129877{margin-bottom: 60px !important;}\u00bb]<\/p>\n<p style=\"text-align: justify;\">Somos una empresa familiar que trabajamos hace m\u00e1s de 30 a\u00f1os en turismo. Nuestra labor consiste en crear un viaje a cualquier parte del mundo para despu\u00e9s ofrecerlo a p\u00fablico en general.<\/p>\n<p>[\/vc_column_text]\n    <div class=\"icon-box  style-2\">\n                <img decoding=\"async\" src=\"https:\/\/viajesrodriguez.cl\/sitio\/wp-content\/uploads\/2018\/11\/team-global.png\" alt=\"icon\">        <div class=\"content-box\">\n            <h5>Lugares hermosos<\/h5>\n            <p>En la ejecuci\u00f3n de los viajes consideramos los lugares m\u00e1s atractivos para usted&#8230;<\/p>\n                    <\/div>\n    <\/div>\n\n    [vc_empty_space height=\u00bb25px\u00bb]\n    <div class=\"icon-box  style-2\">\n                <img decoding=\"async\" src=\"https:\/\/viajesrodriguez.cl\/sitio\/wp-content\/uploads\/2018\/11\/handshake.png\" alt=\"icon\">        <div class=\"content-box\">\n            <h5>Orientaci\u00f3n permanente<\/h5>\n            <p>Acompa\u00f1amos a nuestros clientes en todo el proceso de organizaci\u00f3n del viaje&#8230;<\/p>\n                    <\/div>\n    <\/div>\n\n    [vc_empty_space height=\u00bb25px\u00bb]\n    <div class=\"icon-box  style-2\">\n                <img decoding=\"async\" src=\"https:\/\/viajesrodriguez.cl\/sitio\/wp-content\/uploads\/2018\/11\/team.png\" alt=\"icon\">        <div class=\"content-box\">\n            <h5>Consideramos sus intereses<\/h5>\n            <p>El programa a desarrollar considera la edad de mis clientes, y aspectos culturales propios de la cultura.<\/p>\n                    <\/div>\n    <\/div>\n\n    [vc_empty_space height=\u00bb25px\u00bb]\n    <div class=\"icon-box  style-2\">\n                <img decoding=\"async\" src=\"https:\/\/viajesrodriguez.cl\/sitio\/wp-content\/uploads\/2018\/11\/idea.png\" alt=\"icon\">        <div class=\"content-box\">\n            <h5>Somos pioneros<\/h5>\n            <p>En viajes a La Carretera Austral de Chile, la regi\u00f3n de Magallanes y el norte de Chile<\/p>\n                    <\/div>\n    <\/div>\n\n    [\/vc_column][vc_column offset=\u00bbvc_col-lg-offset-1 vc_col-lg-6 vc_col-md-offset-0 vc_col-md-6&#8243;][vc_single_image image=\u00bb934&#8243; img_size=\u00bbfull\u00bb alignment=\u00bbcenter\u00bb style=\u00bbvc_box_rounded\u00bb css=\u00bb.vc_custom_1686581059461{margin-bottom: 0px !important;}\u00bb][\/vc_column][\/vc_row][vc_row equal_height=\u00bbyes\u00bb content_placement=\u00bbmiddle\u00bb css=\u00bb.vc_custom_1544068085130{padding-top: 100px !important;padding-bottom: 100px !important;background-image: url(http:\/\/wpdemo2.oceanthemes.net\/industro\/wp-content\/uploads\/sites\/3\/2018\/11\/bg-home-dark.png?id=544) !important;background-position: center !important;background-repeat: no-repeat !important;background-size: cover !important;}\u00bb][vc_column offset=\u00bbvc_col-md-6&#8243;][vc_custom_heading text=\u00bbNuestras cifras nos avalan:\u00bb font_container=\u00bbtag:h2|text_align:left|color:%23ffffff\u00bb use_theme_fonts=\u00bbyes\u00bb css=\u00bb.vc_custom_1686595119680{margin-bottom: 0px !important;}\u00bb][\/vc_column][vc_column offset=\u00bbvc_col-md-6&#8243;][vc_row_inner][vc_column_inner width=\u00bb1\/3&#8243; offset=\u00bbvc_col-xs-4&#8243;]\n    <div class=\"fun-facts \">\n        <div class=\"number-fact\">\n            <span class=\"number\" data-to=\"10\" data-inviewport=\"yes\">0<\/span>\n        <\/div>\n        <div class=\"title-fact\">\n            Programas de            <span class=\"text-primary\">VIAJES<\/span>\n        <\/div>\n    <\/div>\n\n    [\/vc_column_inner][vc_column_inner width=\u00bb1\/3&#8243; offset=\u00bbvc_col-xs-4&#8243;]\n    <div class=\"fun-facts \">\n        <div class=\"number-fact\">\n            <span class=\"number\" data-to=\"23\" data-inviewport=\"yes\">0<\/span>\n        <\/div>\n        <div class=\"title-fact\">\n            Destinos            <span class=\"text-primary\">NACIONALES<\/span>\n        <\/div>\n    <\/div>\n\n    [\/vc_column_inner][vc_column_inner width=\u00bb1\/3&#8243; offset=\u00bbvc_col-xs-4&#8243;]\n    <div class=\"fun-facts \">\n        <div class=\"number-fact\">\n            <span class=\"number\" data-to=\"15\" data-inviewport=\"yes\">0<\/span>\n        <\/div>\n        <div class=\"title-fact\">\n            Destinos            <span class=\"text-primary\">INTERNAC.<\/span>\n        <\/div>\n    <\/div>\n\n    [\/vc_column_inner][\/vc_row_inner][vc_empty_space height=\u00bb60px\u00bb el_class=\u00bblg-hidden\u00bb][\/vc_column][\/vc_row][vc_row el_class=\u00bbbg-primary call-to-action\u00bb css=\u00bb.vc_custom_1542184444490{padding-top: 52px !important;padding-bottom: 52px !important;}\u00bb][vc_column offset=\u00bbvc_col-md-8&#8243;][vc_custom_heading text=\u00bb\u00bfQuieres conocer m\u00e1s de nuestros Programas de Viajes?\u00bb font_container=\u00bbtag:h3|text_align:left|color:%23ffffff\u00bb use_theme_fonts=\u00bbyes\u00bb css=\u00bb.vc_custom_1686595082447{margin-top: 10px !important;margin-bottom: 0px !important;}\u00bb][\/vc_column][vc_column offset=\u00bbvc_col-md-4&#8243;]\n    <div class=\"text-right\">\n        <a class=\"btn btn-medium btn-light  \" href=\"#\" style=\"\">Cont\u00e1ctenos<\/a>\n    <\/div>\n\n    [\/vc_column][\/vc_row]<\/p>\n<\/section>","protected":false},"excerpt":{"rendered":"<p>[vc_row full_width=\u00bbstretch_row_content_no_spaces\u00bb fullwidth=\u00bbtrue\u00bb][vc_column][rev_slider_vc alias=\u00bbslider-1&#8243;][vc_separator color=\u00bbwhite\u00bb][vc_single_image image=\u00bb1446&#8243; img_size=\u00bbfull\u00bb alignment=\u00bbcenter\u00bb onclick=\u00bbcustom_link\u00bb link=\u00bbhttps:\/\/viajesrodriguez.cl\/sitio\/fotografias-turquia-2025\/\u00bb][vc_single_image image=\u00bb1313&#8243; img_size=\u00bbfull\u00bb alignment=\u00bbcenter\u00bb onclick=\u00bbcustom_link\u00bb link=\u00bbhttps:\/\/viajesrodriguez.cl\/sitio\/fotografias-europa-2025\/\u00bb][vc_single_image image=\u00bb1236&#8243; img_size=\u00bbfull\u00bb alignment=\u00bbcenter\u00bb onclick=\u00bbcustom_link\u00bb link=\u00bbhttps:\/\/viajesrodriguez.cl\/sitio\/fotografias-viaje-a-tailandia-y-vietnam\/\u00bb][vc_single_image image=\u00bb1158&#8243; img_size=\u00bbfull\u00bb alignment=\u00bbcenter\u00bb onclick=\u00bbcustom_link\u00bb link=\u00bbhttps:\/\/viajesrodriguez.cl\/sitio\/europa-2024-galeria-de-fotos\/\u00bb][vc_single_image image=\u00bb1122&#8243; img_size=\u00bbfull\u00bb alignment=\u00bbcenter\u00bb style=\u00bbvc_box_border\u00bb onclick=\u00bbcustom_link\u00bb link=\u00bbhttps:\/\/viajesrodriguez.cl\/sitio\/tour-sur-de-chile-no2-galeria-de-fotos\/\u00bb][\/vc_column][\/vc_row][vc_row css=\u00bb.vc_custom_1543221080791{padding-top: 100px !important;}\u00bb][vc_column][vc_column_text css=\u00bb.vc_custom_1686594656728{margin-bottom: 50px !important;}\u00bb] Destacamos: Programas de Viajes [\/vc_column_text][\/vc_column][\/vc_row][vc_row css=\u00bb.vc_custom_1542963436303{padding-bottom: 100px !important;background-image: url(http:\/\/localhost\/industro\/wp-content\/uploads\/2018\/11\/bg-map.png?id=629) !important;}\u00bb][vc_column][\/vc_column][vc_column offset=\u00bbvc_col-lg-5 vc_col-md-6&#8243;][vc_column_text css=\u00bb.vc_custom_1686580035673{margin-bottom: 27px !important;}\u00bb] VIAJES RODR\u00cdGUEZ LA [&hellip;]<\/p>\n","protected":false},"author":1,"featured_media":0,"parent":0,"menu_order":0,"comment_status":"closed","ping_status":"closed","template":"","meta":{"footnotes":""},"class_list":["post-620","page","type-page","status-publish","hentry"],"_links":{"self":[{"href":"https:\/\/viajesrodriguez.cl\/sitio\/wp-json\/wp\/v2\/pages\/620","targetHints":{"allow":["GET"]}}],"collection":[{"href":"https:\/\/viajesrodriguez.cl\/sitio\/wp-json\/wp\/v2\/pages"}],"about":[{"href":"https:\/\/viajesrodriguez.cl\/sitio\/wp-json\/wp\/v2\/types\/page"}],"author":[{"embeddable":true,"href":"https:\/\/viajesrodriguez.cl\/sitio\/wp-json\/wp\/v2\/users\/1"}],"replies":[{"embeddable":true,"href":"https:\/\/viajesrodriguez.cl\/sitio\/wp-json\/wp\/v2\/comments?post=620"}],"version-history":[{"count":45,"href":"https:\/\/viajesrodriguez.cl\/sitio\/wp-json\/wp\/v2\/pages\/620\/revisions"}],"predecessor-version":[{"id":1460,"href":"https:\/\/viajesrodriguez.cl\/sitio\/wp-json\/wp\/v2\/pages\/620\/revisions\/1460"}],"wp:attachment":[{"href":"https:\/\/viajesrodriguez.cl\/sitio\/wp-json\/wp\/v2\/media?parent=620"}],"curies":[{"name":"wp","href":"https:\/\/api.w.org\/{rel}","templated":true}]}}